{"id":35,"date":"2021-06-02T20:51:22","date_gmt":"2021-06-02T18:51:22","guid":{"rendered":"https:\/\/tecnoesojjb.teresianes.org\/?page_id=35"},"modified":"2024-11-08T13:18:29","modified_gmt":"2024-11-08T11:18:29","slug":"entrada-continguts","status":"publish","type":"page","link":"https:\/\/tecnoesojjb.teresianes.org\/?page_id=35","title":{"rendered":"Entrada continguts"},"content":{"rendered":"\t\t<div data-elementor-type=\"wp-page\" data-elementor-id=\"35\" class=\"elementor elementor-35\">\n\t\t\t\t\t\t<header class=\"elementor-section elementor-top-section elementor-element elementor-element-97e843e elementor-section-full_width elementor-section-height-min-height elementor-section-items-top elementor-section-stretched elementor-section-height-default\" data-id=\"97e843e\" data-element_type=\"section\" data-e-type=\"section\" data-settings=\"{&quot;stretch_section&quot;:&quot;section-stretched&quot;,&quot;background_background&quot;:&quot;slideshow&quot;,&quot;background_slideshow_gallery&quot;:[{&quot;id&quot;:22,&quot;url&quot;:&quot;https:\\\/\\\/tecnoesojjb.teresianes.org\\\/wp-content\\\/uploads\\\/2021\\\/06\\\/mars-67522_1920.jpg&quot;},{&quot;id&quot;:21,&quot;url&quot;:&quot;https:\\\/\\\/tecnoesojjb.teresianes.org\\\/wp-content\\\/uploads\\\/2021\\\/06\\\/graphene-3193185_1920.jpg&quot;},{&quot;id&quot;:20,&quot;url&quot;:&quot;https:\\\/\\\/tecnoesojjb.teresianes.org\\\/wp-content\\\/uploads\\\/2021\\\/06\\\/gears-1236578_1920.jpg&quot;},{&quot;id&quot;:19,&quot;url&quot;:&quot;https:\\\/\\\/tecnoesojjb.teresianes.org\\\/wp-content\\\/uploads\\\/2021\\\/06\\\/coding-924920_1920.jpg&quot;},{&quot;id&quot;:18,&quot;url&quot;:&quot;https:\\\/\\\/tecnoesojjb.teresianes.org\\\/wp-content\\\/uploads\\\/2021\\\/06\\\/artificial-intelligence-3382507_1920.jpg&quot;}],&quot;background_slideshow_slide_duration&quot;:3000,&quot;background_slideshow_ken_burns&quot;:&quot;yes&quot;,&quot;background_slideshow_ken_burns_zoom_direction&quot;:&quot;out&quot;,&quot;shape_divider_bottom&quot;:&quot;mountains&quot;,&quot;background_slideshow_loop&quot;:&quot;yes&quot;,&quot;background_slideshow_slide_transition&quot;:&quot;fade&quot;,&quot;background_slideshow_transition_duration&quot;:500}\">\n\t\t\t\t\t<div class=\"elementor-shape elementor-shape-bottom\" aria-hidden=\"true\" data-negative=\"false\">\n\t\t\t<svg xmlns=\"http:\/\/www.w3.org\/2000\/svg\" viewBox=\"0 0 1000 100\" preserveAspectRatio=\"none\">\n\t<path class=\"elementor-shape-fill\" opacity=\"0.33\" d=\"M473,67.3c-203.9,88.3-263.1-34-320.3,0C66,119.1,0,59.7,0,59.7V0h1000v59.7 c0,0-62.1,26.1-94.9,29.3c-32.8,3.3-62.8-12.3-75.8-22.1C806,49.6,745.3,8.7,694.9,4.7S492.4,59,473,67.3z\"\/>\n\t<path class=\"elementor-shape-fill\" opacity=\"0.66\" d=\"M734,67.3c-45.5,0-77.2-23.2-129.1-39.1c-28.6-8.7-150.3-10.1-254,39.1 s-91.7-34.4-149.2,0C115.7,118.3,0,39.8,0,39.8V0h1000v36.5c0,0-28.2-18.5-92.1-18.5C810.2,18.1,775.7,67.3,734,67.3z\"\/>\n\t<path class=\"elementor-shape-fill\" d=\"M766.1,28.9c-200-57.5-266,65.5-395.1,19.5C242,1.8,242,5.4,184.8,20.6C128,35.8,132.3,44.9,89.9,52.5C28.6,63.7,0,0,0,0 h1000c0,0-9.9,40.9-83.6,48.1S829.6,47,766.1,28.9z\"\/>\n<\/svg>\t\t<\/div>\n\t\t\t\t\t<div class=\"elementor-container elementor-column-gap-default\">\n\t\t\t\t\t<div class=\"elementor-column elementor-col-100 elementor-top-column elementor-element elementor-element-9dfcfa5\" data-id=\"9dfcfa5\" data-element_type=\"column\" data-e-type=\"column\">\n\t\t\t<div class=\"elementor-widget-wrap elementor-element-populated\">\n\t\t\t\t\t\t<section class=\"elementor-section elementor-inner-section elementor-element elementor-element-8efc157 elementor-section-full_width elementor-section-height-default elementor-section-height-default\" data-id=\"8efc157\" data-element_type=\"section\" data-e-type=\"section\">\n\t\t\t\t\t\t<div class=\"elementor-container elementor-column-gap-default\">\n\t\t\t\t\t<div class=\"elementor-column elementor-col-50 elementor-inner-column elementor-element elementor-element-2dca9ba\" data-id=\"2dca9ba\" data-element_type=\"column\" data-e-type=\"column\" data-settings=\"{&quot;background_background&quot;:&quot;classic&quot;}\">\n\t\t\t<div class=\"elementor-widget-wrap elementor-element-populated\">\n\t\t\t\t\t\t<div class=\"elementor-element elementor-element-b07ac11 elementor-widget elementor-widget-image\" data-id=\"b07ac11\" data-element_type=\"widget\" data-e-type=\"widget\" data-widget_type=\"image.default\">\n\t\t\t\t<div class=\"elementor-widget-container\">\n\t\t\t\t\t\t\t\t\t\t\t\t\t\t\t<img fetchpriority=\"high\" decoding=\"async\" width=\"300\" height=\"218\" src=\"https:\/\/tecnoesojjb.teresianes.org\/wp-content\/uploads\/2021\/06\/Logotipo-300x218.png\" class=\"attachment-medium size-medium wp-image-26\" alt=\"\" srcset=\"https:\/\/tecnoesojjb.teresianes.org\/wp-content\/uploads\/2021\/06\/Logotipo-300x218.png 300w, https:\/\/tecnoesojjb.teresianes.org\/wp-content\/uploads\/2021\/06\/Logotipo.png 640w\" sizes=\"(max-width: 300px) 100vw, 300px\" \/>\t\t\t\t\t\t\t\t\t\t\t\t\t\t\t<\/div>\n\t\t\t\t<\/div>\n\t\t\t\t\t<\/div>\n\t\t<\/div>\n\t\t\t\t<div class=\"elementor-column elementor-col-50 elementor-inner-column elementor-element elementor-element-c64698c\" data-id=\"c64698c\" data-element_type=\"column\" data-e-type=\"column\">\n\t\t\t<div class=\"elementor-widget-wrap\">\n\t\t\t\t\t\t\t<\/div>\n\t\t<\/div>\n\t\t\t\t\t<\/div>\n\t\t<\/section>\n\t\t\t\t\t<\/div>\n\t\t<\/div>\n\t\t\t\t\t<\/div>\n\t\t<\/header>\n\t\t\t\t<section class=\"elementor-section elementor-top-section elementor-element elementor-element-280c3be elementor-section-full_width elementor-section-stretched elementor-section-height-default elementor-section-height-default\" data-id=\"280c3be\" data-element_type=\"section\" data-e-type=\"section\" data-settings=\"{&quot;stretch_section&quot;:&quot;section-stretched&quot;}\">\n\t\t\t\t\t\t<div class=\"elementor-container elementor-column-gap-default\">\n\t\t\t\t\t<div class=\"elementor-column elementor-col-100 elementor-top-column elementor-element elementor-element-bfb904c\" data-id=\"bfb904c\" data-element_type=\"column\" data-e-type=\"column\">\n\t\t\t<div class=\"elementor-widget-wrap elementor-element-populated\">\n\t\t\t\t\t\t<section class=\"elementor-section elementor-inner-section elementor-element elementor-element-89a8af8 elementor-section-boxed elementor-section-height-default elementor-section-height-default\" data-id=\"89a8af8\" data-element_type=\"section\" data-e-type=\"section\">\n\t\t\t\t\t\t<div class=\"elementor-container elementor-column-gap-default\">\n\t\t\t\t\t<div class=\"elementor-column elementor-col-50 elementor-inner-column elementor-element elementor-element-282bfe9\" data-id=\"282bfe9\" data-element_type=\"column\" data-e-type=\"column\">\n\t\t\t<div class=\"elementor-widget-wrap\">\n\t\t\t\t\t\t\t<\/div>\n\t\t<\/div>\n\t\t\t\t<div class=\"elementor-column elementor-col-50 elementor-inner-column elementor-element elementor-element-c9c95cd\" data-id=\"c9c95cd\" data-element_type=\"column\" data-e-type=\"column\">\n\t\t\t<div class=\"elementor-widget-wrap elementor-element-populated\">\n\t\t\t\t\t\t<div class=\"elementor-element elementor-element-ffb246d elementor-widget elementor-widget-image\" data-id=\"ffb246d\" data-element_type=\"widget\" data-e-type=\"widget\" data-widget_type=\"image.default\">\n\t\t\t\t<div class=\"elementor-widget-container\">\n\t\t\t\t\t\t\t\t\t\t\t\t\t\t\t\t<a href=\"http:\/\/tecnoesojjb.teresianes.org\">\n\t\t\t\t\t\t\t<img decoding=\"async\" src=\"https:\/\/tecnoesojjb.teresianes.org\/wp-content\/uploads\/elementor\/thumbs\/left-297787_640-p84oj22qavyqvh95olagax91rrbi2ouutpfr8un18i.png\" title=\"left-297787_640\" alt=\"left-297787_640\" loading=\"lazy\" \/>\t\t\t\t\t\t\t\t<\/a>\n\t\t\t\t\t\t\t\t\t\t\t\t\t\t\t<\/div>\n\t\t\t\t<\/div>\n\t\t\t\t\t<\/div>\n\t\t<\/div>\n\t\t\t\t\t<\/div>\n\t\t<\/section>\n\t\t\t\t<section class=\"elementor-section elementor-inner-section elementor-element elementor-element-963af05 elementor-section-boxed elementor-section-height-default elementor-section-height-default\" data-id=\"963af05\" data-element_type=\"section\" data-e-type=\"section\" data-settings=\"{&quot;background_background&quot;:&quot;classic&quot;}\">\n\t\t\t\t\t\t<div class=\"elementor-container elementor-column-gap-default\">\n\t\t\t\t\t<div class=\"elementor-column elementor-col-50 elementor-inner-column elementor-element elementor-element-041905c\" data-id=\"041905c\" data-element_type=\"column\" data-e-type=\"column\">\n\t\t\t<div class=\"elementor-widget-wrap\">\n\t\t\t\t\t\t\t<\/div>\n\t\t<\/div>\n\t\t\t\t<div class=\"elementor-column elementor-col-50 elementor-inner-column elementor-element elementor-element-2abe037\" data-id=\"2abe037\" data-element_type=\"column\" data-e-type=\"column\">\n\t\t\t<div class=\"elementor-widget-wrap elementor-element-populated\">\n\t\t\t\t\t\t<div class=\"elementor-element elementor-element-762150b elementor-widget elementor-widget-text-editor\" data-id=\"762150b\" data-element_type=\"widget\" data-e-type=\"widget\" data-widget_type=\"text-editor.default\">\n\t\t\t\t<div class=\"elementor-widget-container\">\n\t\t\t\t\t\t\t\t\t<h4>Introdueix el codi del teu curs:<\/h4>\t\t\t\t\t\t\t\t<\/div>\n\t\t\t\t<\/div>\n\t\t\t\t\t<\/div>\n\t\t<\/div>\n\t\t\t\t\t<\/div>\n\t\t<\/section>\n\t\t\t\t<section class=\"elementor-section elementor-inner-section elementor-element elementor-element-00c07f9 elementor-section-boxed elementor-section-height-default elementor-section-height-default\" data-id=\"00c07f9\" data-element_type=\"section\" data-e-type=\"section\" data-settings=\"{&quot;background_background&quot;:&quot;classic&quot;}\">\n\t\t\t\t\t\t<div class=\"elementor-container elementor-column-gap-default\">\n\t\t\t\t\t<div class=\"elementor-column elementor-col-50 elementor-inner-column elementor-element elementor-element-02cae17\" data-id=\"02cae17\" data-element_type=\"column\" data-e-type=\"column\">\n\t\t\t<div class=\"elementor-widget-wrap elementor-element-populated\">\n\t\t\t\t\t\t<div class=\"elementor-element elementor-element-a16a1cd elementor-widget elementor-widget-image\" data-id=\"a16a1cd\" data-element_type=\"widget\" data-e-type=\"widget\" data-widget_type=\"image.default\">\n\t\t\t\t<div class=\"elementor-widget-container\">\n\t\t\t\t\t\t\t\t\t\t\t\t\t\t\t<img decoding=\"async\" width=\"300\" height=\"212\" src=\"https:\/\/tecnoesojjb.teresianes.org\/wp-content\/uploads\/2021\/06\/binary-code-475664_1280-300x212.jpg\" class=\"attachment-medium size-medium wp-image-253\" alt=\"\" srcset=\"https:\/\/tecnoesojjb.teresianes.org\/wp-content\/uploads\/2021\/06\/binary-code-475664_1280-300x212.jpg 300w, https:\/\/tecnoesojjb.teresianes.org\/wp-content\/uploads\/2021\/06\/binary-code-475664_1280-1024x724.jpg 1024w, https:\/\/tecnoesojjb.teresianes.org\/wp-content\/uploads\/2021\/06\/binary-code-475664_1280-768x543.jpg 768w, https:\/\/tecnoesojjb.teresianes.org\/wp-content\/uploads\/2021\/06\/binary-code-475664_1280.jpg 1280w\" sizes=\"(max-width: 300px) 100vw, 300px\" \/>\t\t\t\t\t\t\t\t\t\t\t\t\t\t\t<\/div>\n\t\t\t\t<\/div>\n\t\t\t\t\t<\/div>\n\t\t<\/div>\n\t\t\t\t<div class=\"elementor-column elementor-col-50 elementor-inner-column elementor-element elementor-element-cc84979\" data-id=\"cc84979\" data-element_type=\"column\" data-e-type=\"column\">\n\t\t\t<div class=\"elementor-widget-wrap elementor-element-populated\">\n\t\t\t\t\t\t<div class=\"elementor-element elementor-element-583bc34 elementor-widget elementor-widget-text-editor\" data-id=\"583bc34\" data-element_type=\"widget\" data-e-type=\"widget\" data-widget_type=\"text-editor.default\">\n\t\t\t\t<div class=\"elementor-widget-container\">\n\t\t\t\t\t\t\t\t\t<form ID=\"smartPWLogin\" method=\"post\" action=\"https:\/\/tecnoesojjb.teresianes.org\/?page_id=35\" >\n\t<input class=\"requiredField\" type=\"password\" name=\"smartPassword\" id=\"smartPassword\" value=\"\"\/>\n\t<input type=\"hidden\" name=\"smartParent\" value=\"35\" \/>\n\t<input type=\"hidden\" name=\"smartPWPage_nonce\" value=\"d4d19ed91d\" \/>\n\t<input type=\"submit\" value=\"Acceptar\" \/>\n<\/form>\n\t\t\t\t\t\t\t\t<\/div>\n\t\t\t\t<\/div>\n\t\t\t\t\t<\/div>\n\t\t<\/div>\n\t\t\t\t\t<\/div>\n\t\t<\/section>\n\t\t\t\t<section class=\"elementor-section elementor-inner-section elementor-element elementor-element-c7b9549 elementor-section-boxed elementor-section-height-default elementor-section-height-default\" data-id=\"c7b9549\" data-element_type=\"section\" data-e-type=\"section\" data-settings=\"{&quot;background_background&quot;:&quot;classic&quot;}\">\n\t\t\t\t\t\t<div class=\"elementor-container elementor-column-gap-default\">\n\t\t\t\t\t<div class=\"elementor-column elementor-col-100 elementor-inner-column elementor-element elementor-element-9e1ba54\" data-id=\"9e1ba54\" data-element_type=\"column\" data-e-type=\"column\">\n\t\t\t<div class=\"elementor-widget-wrap elementor-element-populated\">\n\t\t\t\t\t\t<div class=\"elementor-element elementor-element-8ac70ed elementor-widget elementor-widget-text-editor\" data-id=\"8ac70ed\" data-element_type=\"widget\" data-e-type=\"widget\" data-widget_type=\"text-editor.default\">\n\t\t\t\t<div class=\"elementor-widget-container\">\n\t\t\t\t\t\t\t\t\t<p>\u00a0<\/p><p>\u00a0<\/p>\t\t\t\t\t\t\t\t<\/div>\n\t\t\t\t<\/div>\n\t\t\t\t\t<\/div>\n\t\t<\/div>\n\t\t\t\t\t<\/div>\n\t\t<\/section>\n\t\t\t\t\t<\/div>\n\t\t<\/div>\n\t\t\t\t\t<\/div>\n\t\t<\/section>\n\t\t\t\t<section class=\"elementor-section elementor-top-section elementor-element elementor-element-b22c5c1 elementor-section-boxed elementor-section-height-default elementor-section-height-default\" data-id=\"b22c5c1\" data-element_type=\"section\" data-e-type=\"section\">\n\t\t\t\t\t\t<div class=\"elementor-container elementor-column-gap-default\">\n\t\t\t\t\t<div class=\"elementor-column elementor-col-100 elementor-top-column elementor-element elementor-element-d9aafdf\" data-id=\"d9aafdf\" data-element_type=\"column\" data-e-type=\"column\">\n\t\t\t<div class=\"elementor-widget-wrap elementor-element-populated\">\n\t\t\t\t\t\t<div class=\"elementor-element elementor-element-b943284 elementor-widget elementor-widget-text-editor\" data-id=\"b943284\" data-element_type=\"widget\" data-e-type=\"widget\" data-widget_type=\"text-editor.default\">\n\t\t\t\t<div class=\"elementor-widget-container\">\n\t\t\t\t\t\t\t\t\t<p dir=\"ltr\" style=\"line-height:1.6;margin-top:0pt;margin-bottom:0pt;\"><span style=\"font-size: 14pt; font-family: Bitter; color: rgb(33, 33, 33); background-color: transparent; font-variant-numeric: normal; font-variant-east-asian: normal; font-variant-alternates: normal; font-variant-position: normal; vertical-align: baseline; white-space-collapse: preserve;\">Destellos de Tecnolog\u00eda &#8211; Tu canal de Tecnolog\u00eda:<\/span><\/p><p dir=\"ltr\" style=\"line-height:1.6;text-align: center;margin-top:11.25pt;margin-bottom:0pt;\"><a href=\"https:\/\/www.youtube.com\/@TecnoBlink\"><span style=\"font-size: 24pt; font-family: Bitter; color: rgb(33, 33, 33); background-color: transparent; font-weight: 700; font-variant-numeric: normal; font-variant-east-asian: normal; font-variant-alternates: normal; font-variant-position: normal; text-decoration-line: underline; text-decoration-skip-ink: none; vertical-align: baseline; white-space-collapse: preserve;\">TecnoBlink<\/span><\/a><\/p><p dir=\"ltr\" style=\"line-height:1.6;margin-top:11.25pt;margin-bottom:0pt;\"><span style=\"font-size: 14pt; font-family: Bitter; color: rgb(33, 33, 33); background-color: transparent; font-variant-numeric: normal; font-variant-east-asian: normal; font-variant-alternates: normal; font-variant-position: normal; vertical-align: baseline; white-space-collapse: preserve;\">Subscriu-te per estar al corrent dels nous v\u00eddeos de Tecnologia que t&#8217;ajudar\u00e1n a superar la mat\u00e8ria de Tecnologia i digitalitzaci\u00f3 a l&#8217;ESO<\/span><\/p>\t\t\t\t\t\t\t\t<\/div>\n\t\t\t\t<\/div>\n\t\t\t\t\t<\/div>\n\t\t<\/div>\n\t\t\t\t\t<\/div>\n\t\t<\/section>\n\t\t\t\t<\/div>\n\t\t","protected":false},"excerpt":{"rendered":"<p>Introdueix el codi del teu curs: \u00a0 \u00a0 Destellos de Tecnolog\u00eda &#8211; Tu canal de Tecnolog\u00eda: TecnoBlink Subscriu-te per estar al corrent dels nous v\u00eddeos de Tecnologia que t&#8217;ajudar\u00e1n a superar la mat\u00e8ria de Tecnologia i digitalitzaci\u00f3 a l&#8217;ESO<\/p>\n","protected":false},"author":1,"featured_media":0,"parent":0,"menu_order":0,"comment_status":"closed","ping_status":"closed","template":"elementor_canvas","meta":{"footnotes":""},"class_list":["post-35","page","type-page","status-publish","hentry"],"_links":{"self":[{"href":"https:\/\/tecnoesojjb.teresianes.org\/index.php?rest_route=\/wp\/v2\/pages\/35","targetHints":{"allow":["GET"]}}],"collection":[{"href":"https:\/\/tecnoesojjb.teresianes.org\/index.php?rest_route=\/wp\/v2\/pages"}],"about":[{"href":"https:\/\/tecnoesojjb.teresianes.org\/index.php?rest_route=\/wp\/v2\/types\/page"}],"author":[{"embeddable":true,"href":"https:\/\/tecnoesojjb.teresianes.org\/index.php?rest_route=\/wp\/v2\/users\/1"}],"replies":[{"embeddable":true,"href":"https:\/\/tecnoesojjb.teresianes.org\/index.php?rest_route=%2Fwp%2Fv2%2Fcomments&post=35"}],"version-history":[{"count":113,"href":"https:\/\/tecnoesojjb.teresianes.org\/index.php?rest_route=\/wp\/v2\/pages\/35\/revisions"}],"predecessor-version":[{"id":1529,"href":"https:\/\/tecnoesojjb.teresianes.org\/index.php?rest_route=\/wp\/v2\/pages\/35\/revisions\/1529"}],"wp:attachment":[{"href":"https:\/\/tecnoesojjb.teresianes.org\/index.php?rest_route=%2Fwp%2Fv2%2Fmedia&parent=35"}],"curies":[{"name":"wp","href":"https:\/\/api.w.org\/{rel}","templated":true}]}}